{"id":5,"date":"2013-05-06T09:46:04","date_gmt":"2013-05-06T08:46:04","guid":{"rendered":"http:\/\/www.crealp.fr\/conception-internet\/?page_id=5"},"modified":"2016-03-30T10:46:15","modified_gmt":"2016-03-30T09:46:15","slug":"contact-agence-web-communication-savoie","status":"publish","type":"page","link":"https:\/\/www.crealp.fr\/conception-internet\/contact-agence-web-communication-savoie\/","title":{"rendered":"Contact"},"content":{"rendered":"\n<div class=\"wpcf7 no-js\" id=\"wpcf7-f336-o1\" lang=\"fr-FR\" dir=\"ltr\">\n<div class=\"screen-reader-response\"><p role=\"status\" aria-live=\"polite\" aria-atomic=\"true\"><\/p> <ul><\/ul><\/div>\n<form action=\"\/conception-internet\/wp-json\/wp\/v2\/pages\/5#wpcf7-f336-o1\" method=\"post\" class=\"wpcf7-form init\" aria-label=\"Formulaire de contact\" novalidate=\"novalidate\" data-status=\"init\">\n<div style=\"display: none;\">\n<input type=\"hidden\" name=\"_wpcf7\" value=\"336\" \/>\n<input type=\"hidden\" name=\"_wpcf7_version\" value=\"5.8.2\" \/>\n<input type=\"hidden\" name=\"_wpcf7_locale\" value=\"fr_FR\" \/>\n<input type=\"hidden\" name=\"_wpcf7_unit_tag\" value=\"wpcf7-f336-o1\" \/>\n<input type=\"hidden\" name=\"_wpcf7_container_post\" value=\"0\" \/>\n<input type=\"hidden\" name=\"_wpcf7_posted_data_hash\" value=\"\" \/>\n<input type=\"hidden\" name=\"_wpcf7_recaptcha_response\" value=\"\" \/>\n<\/div>\n<div style=\"float: right; text-align: right;\">\n\t<p style=\"color: red; \">* <em>Champs Obligatoires.<\/em>\n\t<\/p>\n\t<p><img decoding=\"async\" src=\"http:\/\/www.crealp.fr\/conception-internet\/wp-content\/themes\/twentytwelve-crealp\/images\/logo-crealp-contact.png\" title=\"Cr\u00e9alp - Web et Communication\" alt=\"Crealp - Agence web et communication en Savoie\" \/>\n\t<\/p>\n\t<p><strong>Tel :<\/strong> 04 57 37 84 22\n\t<\/p>\n\t<p><strong>Mail :<\/strong> contact@crealp.fr\n\t<\/p>\n\t<p><strong>Bureaux :<\/strong><br \/>\n268 Grande Rue<br \/>\n73210 Aime-La-Plagne\n\t<\/p>\n\t<p><strong>Si\u00e8ge social :<\/strong><br \/>\n1347 Route d\u00e9partementale<br \/>\n73210 La C\u00f4te d'Aime\n\t<\/p>\n<\/div>\n<p style=\"text-align: left;\"><span class=\"wpcf7-form-control-wrap\" data-name=\"nom\"><input size=\"36\" class=\"wpcf7-form-control wpcf7-text wpcf7-validates-as-required\" aria-required=\"true\" aria-invalid=\"false\" placeholder=\"Entrez votre Nom *\" value=\"\" type=\"text\" name=\"nom\" \/><\/span><span class=\"wpcf7-form-control-wrap\" data-name=\"prenom\"><input size=\"36\" class=\"wpcf7-form-control wpcf7-text wpcf7-validates-as-required\" aria-required=\"true\" aria-invalid=\"false\" placeholder=\"Entrez votre Pr\u00e9nom *\" value=\"\" type=\"text\" name=\"prenom\" \/><\/span>\n<\/p>\n<p style=\"text-align: left;\"><span class=\"wpcf7-form-control-wrap\" data-name=\"e-mail\"><input size=\"46\" class=\"wpcf7-form-control wpcf7-email wpcf7-validates-as-required wpcf7-text wpcf7-validates-as-email\" aria-required=\"true\" aria-invalid=\"false\" placeholder=\"Entrez votre Adresse E-mail *\" value=\"\" type=\"email\" name=\"e-mail\" \/><\/span>\n<\/p>\n<p style=\"text-align: left;\"><span class=\"wpcf7-form-control-wrap\" data-name=\"tel\"><input size=\"28\" class=\"wpcf7-form-control wpcf7-text wpcf7-validates-as-required\" aria-required=\"true\" aria-invalid=\"false\" placeholder=\"Entrez votre N\u00b0 de T\u00e9l\u00e9phone *\" value=\"\" type=\"text\" name=\"tel\" \/><\/span>\n<\/p>\n<p style=\"text-align: left;\"><span class=\"wpcf7-form-control-wrap\" data-name=\"societe\"><input size=\"36\" class=\"wpcf7-form-control wpcf7-text\" aria-invalid=\"false\" placeholder=\"Soci\u00e9t\u00e9\" value=\"\" type=\"text\" name=\"societe\" \/><\/span>\n<\/p>\n<p style=\"text-align: left;\"><span class=\"wpcf7-form-control-wrap\" data-name=\"ville\"><input size=\"40\" class=\"wpcf7-form-control wpcf7-text\" aria-invalid=\"false\" placeholder=\"Adresse - Code Postal - Ville\" value=\"\" type=\"text\" name=\"ville\" \/><\/span>\n<\/p>\n<p style=\"text-align: left; \"><span class=\"wpcf7-form-control-wrap\" data-name=\"commentaires\"><textarea cols=\"75\" rows=\"4\" class=\"wpcf7-form-control wpcf7-textarea wpcf7-validates-as-required\" aria-required=\"true\" aria-invalid=\"false\" placeholder=\"Message *\" name=\"commentaires\"><\/textarea><\/span>\n<\/p>\n<p style=\"text-align: left; \">\n\n<\/p>\n<p style=\"text-align: left; \"><input class=\"wpcf7-form-control wpcf7-submit has-spinner\" type=\"submit\" value=\"Envoyer\" \/>\n<\/p>\n<p style=\"text-align: left;\"><em>Conform\u00e9ment \u00e0 la loi Informatique et Libert\u00e9s du 6 janvier 1978,<br \/>\nvous disposez d\u2019un droit d\u2019acc\u00e8s et de rectification aux donn\u00e9es personnelles vous concernant.<br \/>\nSeule notre soci\u00e9t\u00e9 est destinataire des informations que vous lui communiquez.<\/em>\n<\/p><div class=\"wpcf7-response-output\" aria-hidden=\"true\"><\/div>\n<\/form>\n<\/div>\n\n","protected":false},"excerpt":{"rendered":"","protected":false},"author":1,"featured_media":0,"parent":0,"menu_order":100,"comment_status":"closed","ping_status":"closed","template":"","meta":{"footnotes":""},"acf":[],"_links":{"self":[{"href":"https:\/\/www.crealp.fr\/conception-internet\/wp-json\/wp\/v2\/pages\/5"}],"collection":[{"href":"https:\/\/www.crealp.fr\/conception-internet\/wp-json\/wp\/v2\/pages"}],"about":[{"href":"https:\/\/www.crealp.fr\/conception-internet\/wp-json\/wp\/v2\/types\/page"}],"author":[{"embeddable":true,"href":"https:\/\/www.crealp.fr\/conception-internet\/wp-json\/wp\/v2\/users\/1"}],"replies":[{"embeddable":true,"href":"https:\/\/www.crealp.fr\/conception-internet\/wp-json\/wp\/v2\/comments?post=5"}],"version-history":[{"count":4,"href":"https:\/\/www.crealp.fr\/conception-internet\/wp-json\/wp\/v2\/pages\/5\/revisions"}],"predecessor-version":[{"id":337,"href":"https:\/\/www.crealp.fr\/conception-internet\/wp-json\/wp\/v2\/pages\/5\/revisions\/337"}],"wp:attachment":[{"href":"https:\/\/www.crealp.fr\/conception-internet\/wp-json\/wp\/v2\/media?parent=5"}],"curies":[{"name":"wp","href":"https:\/\/api.w.org\/{rel}","templated":true}]}}