{"id":4,"date":"2013-05-06T09:45:52","date_gmt":"2013-05-06T08:45:52","guid":{"rendered":"http:\/\/www.crealp.fr\/conception-internet\/?page_id=4"},"modified":"2017-03-15T15:32:57","modified_gmt":"2017-03-15T14:32:57","slug":"situation-aime-macot-tarentaise-savoie","status":"publish","type":"page","link":"https:\/\/www.crealp.fr\/conception-internet\/situation-aime-macot-tarentaise-savoie\/","title":{"rendered":"Situation"},"content":{"rendered":"<h2 style=\"margin: 0;\">L&rsquo;agence Cr\u00e9alp est bas\u00e9e au c\u0153ur de la Tarentaise \u00e0 Aime La Plagne (Savoie).<\/h2>\n<p style=\"margin: 0;\">Vous avez des besoin en <a href=\"http:\/\/www.crealp.fr\/conception-internet\/creation-de-site-en-savoie\/\">web<\/a>, <a href=\"http:\/\/www.crealp.fr\/conception-internet\/print-signaletique-savoie\/\">print ou signal\u00e9tique<\/a>, venez nous rencontrer au 268 Grande Rue &#8211; 73210 Aime La Plagne.<\/p>\n<p style=\"margin: 0;\">Cr\u00e9alp partage les bureaux avec <a href=\"http:\/\/www.bvarchitecte.com\" target=\"_blank\">Barbara Vidal Architecte<\/a>.<\/p>\n<h3 style=\"margin: 0;\">Le si\u00e8ge social de votre agence de communication est bas\u00e9 \u00e0 La C\u00f4te d&rsquo;Aime.<\/h3>\n<p><em>D\u00e9couvrez ci-dessous le plan de situation de l&rsquo;agence :<\/em><\/p>\n<p><iframe loading=\"lazy\" style=\"border: 0;\" src=\"https:\/\/www.google.com\/maps\/embed?pb=!1m18!1m12!1m3!1d13749.919825272525!2d6.652766999999994!3d45.557074!2m3!1f0!2f0!3f0!3m2!1i1024!2i768!4f13.1!3m3!1m2!1s0x0%3A0x70ac1550235f391d!2sAgence+Cr%C3%A9alp!5e1!3m2!1sfr!2sus!4v1459331569644\" width=\"600\" height=\"450\" frameborder=\"0\" allowfullscreen=\"allowfullscreen\"><\/iframe><br \/>\n<small><a href=\"https:\/\/www.google.com\/maps\/place\/Agence+Cr%C3%A9alp\/@45.557074,6.652767,3158m\/data=!3m1!1e3!4m2!3m1!1s0x0:0x70ac1550235f391d?hl=fr\" target=\"_blank\">&#8211; Agrandir le plan dans Google Maps &#8211;<\/a><\/small><\/p>\n","protected":false},"excerpt":{"rendered":"<p>L&rsquo;agence Cr\u00e9alp est bas\u00e9e au c\u0153ur de la Tarentaise \u00e0 Aime La Plagne (Savoie). Vous avez des besoin en web, print ou signal\u00e9tique, venez nous rencontrer au 268 Grande Rue &#8211; 73210 Aime La Plagne. Cr\u00e9alp partage les bureaux avec Barbara Vidal Architecte. Le si\u00e8ge social de votre agence de communication est bas\u00e9 \u00e0 La [&hellip;]<\/p>\n","protected":false},"author":1,"featured_media":0,"parent":0,"menu_order":110,"comment_status":"closed","ping_status":"closed","template":"","meta":{"footnotes":""},"acf":[],"_links":{"self":[{"href":"https:\/\/www.crealp.fr\/conception-internet\/wp-json\/wp\/v2\/pages\/4"}],"collection":[{"href":"https:\/\/www.crealp.fr\/conception-internet\/wp-json\/wp\/v2\/pages"}],"about":[{"href":"https:\/\/www.crealp.fr\/conception-internet\/wp-json\/wp\/v2\/types\/page"}],"author":[{"embeddable":true,"href":"https:\/\/www.crealp.fr\/conception-internet\/wp-json\/wp\/v2\/users\/1"}],"replies":[{"embeddable":true,"href":"https:\/\/www.crealp.fr\/conception-internet\/wp-json\/wp\/v2\/comments?post=4"}],"version-history":[{"count":16,"href":"https:\/\/www.crealp.fr\/conception-internet\/wp-json\/wp\/v2\/pages\/4\/revisions"}],"predecessor-version":[{"id":564883,"href":"https:\/\/www.crealp.fr\/conception-internet\/wp-json\/wp\/v2\/pages\/4\/revisions\/564883"}],"wp:attachment":[{"href":"https:\/\/www.crealp.fr\/conception-internet\/wp-json\/wp\/v2\/media?parent=4"}],"curies":[{"name":"wp","href":"https:\/\/api.w.org\/{rel}","templated":true}]}}