{"id":2,"date":"2013-05-06T08:22:32","date_gmt":"2013-05-06T07:22:32","guid":{"rendered":"http:\/\/www.crealp.fr\/conception-internet\/?page_id=2"},"modified":"2023-11-14T12:08:28","modified_gmt":"2023-11-14T11:08:28","slug":"accueil","status":"publish","type":"page","link":"https:\/\/www.crealp.fr\/conception-internet\/","title":{"rendered":"Accueil"},"content":{"rendered":"<div id=\"onglets-tabs\">\n<p><div class=\"responsive-tabs\">\n<h2 class=\"tabtitle\">Actualit\u00e9s<\/h2>\n<div class=\"tabcontent\">\n<div id=\"gopipluspages\"><div class=\"post\"><div class=\"thumb\"><a href=\"https:\/\/www.crealp.fr\/conception-internet\/crealp-realise-le-logo-albertville-country\/\"><img src='https:\/\/www.crealp.fr\/conception-internet\/wp-content\/uploads\/2018\/01\/albertville-country-logos-150x150.jpg' alt=\"Et un nouveau tour de rod\u00e9o pour Cr\u00e9alp !\" \/><\/a><\/div><h2><a href=\"https:\/\/www.crealp.fr\/conception-internet\/crealp-realise-le-logo-albertville-country\/\">Et un nouveau tour de rod\u00e9o pour Cr\u00e9alp !<\/a><\/h2><p class=\"details\"><\/p><p>Au fin fond du Far West de la Savoie, Albertville Country nous affronte en duel. Il en ressort un lo&hellip;<\/p><p class=\"readmore\">[ <a href=\"https:\/\/www.crealp.fr\/conception-internet\/crealp-realise-le-logo-albertville-country\/\">Lire la suite de l'article<\/a> ] &nbsp;&nbsp;&nbsp;ou&nbsp;&nbsp;&nbsp; [ <a href=\"http:\/\/www.crealp.fr\/conception-internet\/actualites\/\">Voir toutes les Actualit&eacute;s<\/a> ]<\/p><div class=\"break\"><\/div><\/div><div class=\"post\"><div class=\"thumb\"><a href=\"https:\/\/www.crealp.fr\/conception-internet\/un-nouveau-logo-plonge-dans-le-grand-bain\/\"><img src='https:\/\/www.crealp.fr\/conception-internet\/wp-content\/uploads\/2018\/01\/bains-belle-plagne-logo-150x150.jpg' alt=\"Un nouveau logo plonge dans le grand bain...\" \/><\/a><\/div><h2><a href=\"https:\/\/www.crealp.fr\/conception-internet\/un-nouveau-logo-plonge-dans-le-grand-bain\/\">Un nouveau logo plonge dans le grand bain...<\/a><\/h2><p class=\"details\"><\/p><p>Les Bains de Belle Plagne est un espace aqua-ludique et de bien-\u00eatre situ\u00e9 (je vous le donne en mi&hellip;<\/p><p class=\"readmore\">[ <a href=\"https:\/\/www.crealp.fr\/conception-internet\/un-nouveau-logo-plonge-dans-le-grand-bain\/\">Lire la suite de l'article<\/a> ] &nbsp;&nbsp;&nbsp;ou&nbsp;&nbsp;&nbsp; [ <a href=\"http:\/\/www.crealp.fr\/conception-internet\/actualites\/\">Voir toutes les Actualit&eacute;s<\/a> ]<\/p><div class=\"break\"><\/div><\/div><div class=\"post\"><div class=\"thumb\"><a href=\"https:\/\/www.crealp.fr\/conception-internet\/crealp-soutient-loic-costerg-et-son-equipe\/\"><img src='https:\/\/www.crealp.fr\/conception-internet\/wp-content\/uploads\/2018\/01\/bobteam-costerg-logo-150x150.jpg' alt=\"Cr\u00e9alp soutient Lo\u00efc Costerg et son \u00e9quipe !\" \/><\/a><\/div><h2><a href=\"https:\/\/www.crealp.fr\/conception-internet\/crealp-soutient-loic-costerg-et-son-equipe\/\">Cr\u00e9alp soutient Lo\u00efc Costerg et son \u00e9quipe !<\/a><\/h2><p class=\"details\"><\/p><p>Cr\u00e9alp est fi\u00e8re de travailler avec l'\u00e9quipe de Lo\u00efc Costerg, multi-m\u00e9daill\u00e9 de bobsleigh en c&hellip;<\/p><p class=\"readmore\">[ <a href=\"https:\/\/www.crealp.fr\/conception-internet\/crealp-soutient-loic-costerg-et-son-equipe\/\">Lire la suite de l'article<\/a> ] &nbsp;&nbsp;&nbsp;ou&nbsp;&nbsp;&nbsp; [ <a href=\"http:\/\/www.crealp.fr\/conception-internet\/actualites\/\">Voir toutes les Actualit&eacute;s<\/a> ]<\/p><div class=\"break\"><\/div><\/div><\/div><script type=\"text\/javascript\">jQuery(function() {jQuery('#gopipluspages').cycle({fx: 'scrollLeft',speed: 700,timeout: 5000});});<\/script>\n<\/div><h2 class=\"tabtitle\">Services<\/h2>\n<div class=\"tabcontent\">\n<\/p>\n<p><span style=\"font-size: 1rem;\">L&rsquo;agence Cr\u00e9alp fourni diff\u00e9rents services en Cr\u00e9ation de Sites Internet et aussi :<\/span><\/p>\n<h2 id=\"titre-depannage-info\"><a title=\"D\u00e9pannage informatique\" href=\"http:\/\/www.crealp.fr\/conception-internet\/depannage-informatique-moutiers-aime-macot-laplagne-bourg-saint-maurice\/\">D\u00e9pannage informatique<\/a><\/h2>\n<p>Nous sommes \u00e0 votre disposition pour vos maintenances informatiques, le nettoyage (virus, malwares,&#8230;) et la r\u00e9paration de vos ordinateurs, le conseil pour l&rsquo;achat de mat\u00e9riel informatique (ordinateurs, imprimantes,&#8230;).<br \/>\n<a id=\"savoir-plus-informatique\" title=\"D\u00e9pannage informatique\" href=\"http:\/\/www.crealp.fr\/conception-internet\/depannage-informatique-moutiers-aime-macot-laplagne-bourg-saint-maurice\/\">EN SAVOIR PLUS<\/a><\/p>\n<p>\n<\/div><h2 class=\"tabtitle\">L'\u00e9quipe<\/h2>\n<div class=\"tabcontent\">\n<a title=\"D\u00e9couvrez l'\u00e9quipe Cr\u00e9alp\" href=\"http:\/\/www.crealp.fr\/conception-internet\/agence-web-savoie-lequipe\/\">D\u00e9couvrez l&rsquo;\u00e9quipe Cr\u00e9alp<\/a><br \/>\n<\/div><\/div><\/p>\n<\/div>\n<div id=\"onglet-tabs-mobile\"><a title=\"Voir toutes les actualit\u00e9s\" href=\"http:\/\/www.crealp.fr\/conception-internet\/actualites\/\"><br \/>\n<\/a><\/p>\n<ul>\n<li id=\"onglet-tab-mobile-actus\">Voir toutes les actualit\u00e9s<\/li>\n<\/ul>\n<p>\u00a0<br \/>\n<a title=\"D\u00e9pannage informatique\" href=\"http:\/\/www.crealp.fr\/conception-internet\/depannage-informatique-moutiers-aime-macot-laplagne-bourg-saint-maurice\/\"><br \/>\n<\/a><\/p>\n<ul>\n<li id=\"onglet-tab-mobile-depannage\">D\u00e9pannage informatique<\/li>\n<\/ul>\n<p>\u00a0<br \/>\n<a title=\"D\u00e9couvrez l'\u00e9quipe Cr\u00e9alp\" href=\"http:\/\/www.crealp.fr\/conception-internet\/agence-web-savoie-lequipe\/\"><br \/>\n<\/a><\/p>\n<ul>\n<li id=\"onglet-tab-mobile-equipe\">D\u00e9couvrez l&rsquo;\u00e9quipe Cr\u00e9alp<\/li>\n<\/ul>\n<p>&nbsp;<\/p>\n<\/div>\n<div id=\"clear\">\u00a0<\/div>\n<div id=\"a-propos\">\n<h2>Agence de cr\u00e9ation de sites internet et communication<br \/>\n\u00e0 Aime\u00a0La Plagne en Savoie.<\/h2>\n<h3><a title=\"Conception de sites internet\" href=\"http:\/\/www.crealp.fr\/conception-internet\/creation-de-site-en-savoie\/\">Conception, refonte et maintenance de sites web<\/a>, webdesign, <a title=\"Logo \/ Graphisme\" href=\"http:\/\/www.crealp.fr\/conception-internet\/logo-graphisme-savoie\/\">cr\u00e9ation de logo et charte graphique<\/a>, r\u00e9f\u00e9rencement et h\u00e9bergement, d\u00e9pannage informatique, &#8230;<br \/>\nTelles sont les prestations propos\u00e9es par l&rsquo;Agence Cr\u00e9alp.<\/h3>\n<h4>Votre Agence Web Pro \u00e0 proximit\u00e9.<\/h4>\n<div class=\"spoiler-wrap\">\n\t\t\t\t<div class=\"spoiler-head folded\">En savoir plus...<\/div>\n\t\t\t\t<div class=\"spoiler-body\">Cr\u00e9alp est une agence web et communication bas\u00e9e \u00e0 Aime La Plagne (Tarentaise) en Savoie et dont le si\u00e8ge social se situe \u00e0 La Plagne Tarentaise.<br \/>\nQuel que soit votre secteur d&rsquo;activit\u00e9 (artisan, commer\u00e7ant, h\u00e9bergeur, loueur particulier, association, institution, &#8230;) et votre projet, n\u2019h\u00e9sitez pas \u00e0 <a title=\"Contact\" href=\"http:\/\/www.crealp.fr\/conception-internet\/contact-agence-web-communication-savoie\/\">prendre contact avec nous<\/a> afin d&rsquo;\u00e9voquer ensemble vos besoins et les moyens \u00e0 mettre en \u0153uvre pour les r\u00e9aliser.<\/div>\n\t\t\t<\/div>\n<\/div>\n","protected":false},"excerpt":{"rendered":"<p>L&rsquo;agence Cr\u00e9alp fourni diff\u00e9rents services en Cr\u00e9ation de Sites Internet et aussi : D\u00e9pannage informatique Nous sommes \u00e0 votre disposition pour vos maintenances informatiques, le nettoyage (virus, malwares,&#8230;) et la r\u00e9paration de vos ordinateurs, le conseil pour l&rsquo;achat de mat\u00e9riel informatique (ordinateurs, imprimantes,&#8230;). EN SAVOIR PLUS D\u00e9couvrez l&rsquo;\u00e9quipe Cr\u00e9alp Voir toutes les actualit\u00e9s \u00a0 D\u00e9pannage [&hellip;]<\/p>\n","protected":false},"author":1,"featured_media":0,"parent":0,"menu_order":0,"comment_status":"closed","ping_status":"closed","template":"","meta":{"footnotes":""},"acf":[],"_links":{"self":[{"href":"https:\/\/www.crealp.fr\/conception-internet\/wp-json\/wp\/v2\/pages\/2"}],"collection":[{"href":"https:\/\/www.crealp.fr\/conception-internet\/wp-json\/wp\/v2\/pages"}],"about":[{"href":"https:\/\/www.crealp.fr\/conception-internet\/wp-json\/wp\/v2\/types\/page"}],"author":[{"embeddable":true,"href":"https:\/\/www.crealp.fr\/conception-internet\/wp-json\/wp\/v2\/users\/1"}],"replies":[{"embeddable":true,"href":"https:\/\/www.crealp.fr\/conception-internet\/wp-json\/wp\/v2\/comments?post=2"}],"version-history":[{"count":64,"href":"https:\/\/www.crealp.fr\/conception-internet\/wp-json\/wp\/v2\/pages\/2\/revisions"}],"predecessor-version":[{"id":565283,"href":"https:\/\/www.crealp.fr\/conception-internet\/wp-json\/wp\/v2\/pages\/2\/revisions\/565283"}],"wp:attachment":[{"href":"https:\/\/www.crealp.fr\/conception-internet\/wp-json\/wp\/v2\/media?parent=2"}],"curies":[{"name":"wp","href":"https:\/\/api.w.org\/{rel}","templated":true}]}}