{"id":150,"date":"2013-12-26T11:47:42","date_gmt":"2013-12-26T10:47:42","guid":{"rendered":"http:\/\/www.crealp.fr\/conception-internet\/?page_id=150"},"modified":"2014-02-20T09:11:42","modified_gmt":"2014-02-20T08:11:42","slug":"depannage-informatique-moutiers-aime-macot-laplagne-bourg-saint-maurice","status":"publish","type":"page","link":"https:\/\/www.crealp.fr\/conception-internet\/depannage-informatique-moutiers-aime-macot-laplagne-bourg-saint-maurice\/","title":{"rendered":"D\u00e9pannage informatique"},"content":{"rendered":"<div id=\"depannage-info-etape1\">\n<div class=\"depannage-info-txt-droite\">\n<h2 class=\"depannage-info-titre2\">Un probl\u00e8me avec votre ordinateur ?<\/h2>\n<p>Fini les prises de t\u00eates et les pertes de temps inutiles !<br \/>\nNe restez plus bloqu\u00e9 des heures seul devant votre <strong>ordinateur en panne<\/strong>.<br \/>\n<strong>Cr\u00e9alp<\/strong> est \u00e0 votre disposition pour tous vos<strong><br \/>\nd\u00e9pannages<\/strong> et vos<strong> maintenances informatiques<\/strong>.<\/p>\n<p>Si vous habitez <strong>Macot La Plagne, Aime, Bourg Saint Maurice, Mo\u00fbtiers<\/strong> ou un autre village de la<br \/>\n<strong>Haute-Tarentaise<\/strong> alors lisez les diapos ci-dessous et suivez le guide&#8230; !<\/p>\n<\/div>\n<\/div>\n<div class=\"separateur\"><\/div>\n<div id=\"depannage-info-etape2\">\n<div class=\"depannage-info-txt-gauche\">\n<h2 class=\"depannage-info-titre2\">Besoin d&rsquo;un conseil en informatique ?<\/h2>\n<p>&#8211; Vous avez des questions sur l&rsquo;<strong>entretien de votre mat\u00e9riel informatique<\/strong>, sur le <strong>choix de votre<br \/>\nantivirus<\/strong>, &#8230;?<br \/>\n&#8211; Vous souhaitez <strong>changer votre vieil ordinateur<\/strong> ou <strong>remplacer votre imprimante<\/strong> ?<\/p>\n<p>N&rsquo;h\u00e9sitez pas \u00e0 <strong>venir \u00e0 l&rsquo;Agence Cr\u00e9alp \u00e0 Macot La Plagne<\/strong>, nous <strong>r\u00e9cup\u00e9rons votre PC<\/strong> si besoin et nous saurons vous <strong>conseiller<\/strong>, vous <strong>accompagner<\/strong> dans vos d\u00e9marches et <strong>vous former<\/strong>.<\/p>\n<\/div>\n<\/div>\n<div class=\"separateur\"><\/div>\n<div id=\"depannage-info-etape3\">\n<div class=\"depannage-info-txt-droite\">\n<h2 class=\"depannage-info-titre2\">Vous \u00eates un particulier ?<\/h2>\n<p>&#8211; <strong>Votre ordinateur est de plus en plus lent<\/strong>, vous pensez \u00eatre victime de <strong>virus<\/strong> ou de <strong>spywares<\/strong> ?<br \/>\n&#8211; Votre <strong>mat\u00e9riel informatique est en panne ou obsol\u00e8te<\/strong> et vous souhaitez le <strong>r\u00e9parer<\/strong> ou en <strong>acheter un neuf<\/strong> ?<br \/>\n&#8211; Vous ne parvenez pas \u00e0 <strong>installer votre<br \/>\nimprimante<\/strong>, un logiciel ou votre <strong>box internet<\/strong> r\u00e9cemment achet\u00e9e ?<\/p>\n<p>Notre \u00ab\u00a0Ninja\u00a0\u00bb de l&rsquo;informatique <strong>r\u00e9pare<\/strong>, <strong>nettoie<\/strong> et <strong>installe<\/strong> votre mat\u00e9riel d\u00e9pos\u00e9 \u00e0 l&rsquo;<strong>Agence Cr\u00e9alp<\/strong> ou <strong>\u00e0 votre domicile<\/strong> si n\u00e9cessaire !<\/p>\n<\/div>\n<\/div>\n<div class=\"separateur\"><\/div>\n<div id=\"depannage-info-etape4\">\n<div class=\"depannage-info-txt-gauche\">\n<h2 class=\"depannage-info-titre2\">Vous \u00eates un professionnel ?<\/h2>\n<p>&#8211; Vous souhaitez <strong>installer vos ordinateurs en<br \/>\nr\u00e9seau<\/strong> ?<br \/>\n&#8211; Vous avez besoin de <strong>s\u00e9curiser la sauvegarde de vos donn\u00e9es<\/strong> ?<br \/>\n&#8211; Vous voulez <strong>\u00e9quiper vos locaux en WiFi<\/strong> ?<br \/>\n&#8211; Vous souhaitez effectuer de la <strong>maintenance<br \/>\ninformatique<\/strong>,<strong> installer des logiciels<\/strong> ou <strong>param\u00e9trer des bo\u00eetes mail<\/strong> ?<\/p>\n<p><strong>Cr\u00e9alp se d\u00e9place dans votre entreprise<\/strong> et effectue l&rsquo;<strong>installation<\/strong> ou la <strong>maintenance<\/strong> de vos<br \/>\np\u00e9riph\u00e9riques<\/p>\n<\/div>\n<\/div>\n<div class=\"separateur\"><\/div>\n<div id=\"depannage-info-etape5\">\n<div class=\"depannage-info-txt-droite\">\n<h2 class=\"depannage-info-titre2\">Votre PC fonctionne \u00e0 nouveau ?<\/h2>\n<p>Vous vous attendiez \u00e0 d&rsquo;autres \u00e9tapes&#8230;<br \/>\neh bien d\u00e9sol\u00e9 de vous d\u00e9cevoir !<\/p>\n<p>Vous n&rsquo;avez plus qu&rsquo;\u00e0 venir<strong> r\u00e9cup\u00e9rer votre ordinateur<\/strong> ou votre mat\u00e9riel <strong>en parfait \u00e9tat de fonctionnement<\/strong> \u00e0 l&rsquo;<strong>Agence Cr\u00e9alp<\/strong> et \u00e0 <strong>repartir avec le sourire<\/strong> !<\/p>\n<p><strong>Et pour aller plus loin<\/strong>, nous sommes aussi \u00e0 votre disposition pour des <span style=\"color: #00abe4;\"><strong>formations internet et<br \/>\nbureautique sur demande<\/strong><\/span> !<\/p>\n<\/div>\n<\/div>\n","protected":false},"excerpt":{"rendered":"<p>Un probl\u00e8me avec votre ordinateur ? Fini les prises de t\u00eates et les pertes de temps inutiles ! Ne restez plus bloqu\u00e9 des heures seul devant votre ordinateur en panne. Cr\u00e9alp est \u00e0 votre disposition pour tous vos d\u00e9pannages et vos maintenances informatiques. Si vous habitez Macot La Plagne, Aime, Bourg Saint Maurice, Mo\u00fbtiers ou [&hellip;]<\/p>\n","protected":false},"author":1,"featured_media":224,"parent":0,"menu_order":150,"comment_status":"closed","ping_status":"closed","template":"","meta":{"footnotes":""},"acf":[],"_links":{"self":[{"href":"https:\/\/www.crealp.fr\/conception-internet\/wp-json\/wp\/v2\/pages\/150"}],"collection":[{"href":"https:\/\/www.crealp.fr\/conception-internet\/wp-json\/wp\/v2\/pages"}],"about":[{"href":"https:\/\/www.crealp.fr\/conception-internet\/wp-json\/wp\/v2\/types\/page"}],"author":[{"embeddable":true,"href":"https:\/\/www.crealp.fr\/conception-internet\/wp-json\/wp\/v2\/users\/1"}],"replies":[{"embeddable":true,"href":"https:\/\/www.crealp.fr\/conception-internet\/wp-json\/wp\/v2\/comments?post=150"}],"version-history":[{"count":37,"href":"https:\/\/www.crealp.fr\/conception-internet\/wp-json\/wp\/v2\/pages\/150\/revisions"}],"predecessor-version":[{"id":564124,"href":"https:\/\/www.crealp.fr\/conception-internet\/wp-json\/wp\/v2\/pages\/150\/revisions\/564124"}],"wp:featuredmedia":[{"embeddable":true,"href":"https:\/\/www.crealp.fr\/conception-internet\/wp-json\/wp\/v2\/media\/224"}],"wp:attachment":[{"href":"https:\/\/www.crealp.fr\/conception-internet\/wp-json\/wp\/v2\/media?parent=150"}],"curies":[{"name":"wp","href":"https:\/\/api.w.org\/{rel}","templated":true}]}}