{"id":120,"date":"2013-09-19T09:27:54","date_gmt":"2013-09-19T08:27:54","guid":{"rendered":"http:\/\/www.crealp.fr\/conception-internet\/?page_id=120"},"modified":"2016-03-30T10:50:39","modified_gmt":"2016-03-30T09:50:39","slug":"agence-web-savoie-lequipe","status":"publish","type":"page","link":"https:\/\/www.crealp.fr\/conception-internet\/agence-web-savoie-lequipe\/","title":{"rendered":"L&rsquo;\u00e9quipe"},"content":{"rendered":"<h2 class=\"style-normal\"><strong>Cr\u00e9alp<\/strong> est une agence sp\u00e9cialis\u00e9e dans le <a title=\"Site internet\" href=\"http:\/\/www.crealp.fr\/conception-internet\/creation-de-site-en-savoie\/\"><strong>web<\/strong><\/a>, la <strong>communication<\/strong> (logo, carte de visite, affiche, covering v\u00e9hicule, enseigne, &#8230;) et l&rsquo;<a title=\"D\u00e9pannage informatique en Tarentaise (Moutiers, Aime, Bourg Saint Maurice)\" href=\"http:\/\/www.crealp.fr\/conception-internet\/depannage-informatique-moutiers-aime-macot-laplagne-bourg-saint-maurice\/\"><strong>informatique<\/strong><\/a>.<\/h2>\n<p><strong>L&rsquo;agence, bas\u00e9e \u00e0 aime La Plagne (entre Mo\u00fbtiers et Bourg Saint Maurice en Haute-Tarentaise \/ Savoie), est compos\u00e9e de 3 as de la gachette :<\/strong><br \/>\n<strong>Cyril : Graphiste &#8211; Webdesigner<\/strong> <em>(Co-g\u00e9rant)<\/em> \/\/\/ <strong>Anthony : D\u00e9veloppeur Web<\/strong> <em>(Co-g\u00e9rant)<\/em> \/\/\/ <strong>Daniel : D\u00e9veloppeur E-commerce<\/strong> <em>(Co-g\u00e9rant)<br \/>\n<\/em><\/p>\n<p>Notre philosophie est d&rsquo;offrir un<strong> service de proximit\u00e9<\/strong> et de <strong>qualit\u00e9<\/strong> \u00e0 tous nos clients.<em><br \/>\nCliquez sur chaque personnage pour en savoir plus sur vos serviteurs&#8230;<br \/>\n<\/em><\/p>\n","protected":false},"excerpt":{"rendered":"<p>Cr\u00e9alp est une agence sp\u00e9cialis\u00e9e dans le web, la communication (logo, carte de visite, affiche, covering v\u00e9hicule, enseigne, &#8230;) et l&rsquo;informatique. L&rsquo;agence, bas\u00e9e \u00e0 aime La Plagne (entre Mo\u00fbtiers et Bourg Saint Maurice en Haute-Tarentaise \/ Savoie), est compos\u00e9e de 3 as de la gachette : Cyril : Graphiste &#8211; Webdesigner (Co-g\u00e9rant) \/\/\/ Anthony : [&hellip;]<\/p>\n","protected":false},"author":1,"featured_media":0,"parent":0,"menu_order":70,"comment_status":"closed","ping_status":"closed","template":"","meta":{"footnotes":""},"acf":[],"_links":{"self":[{"href":"https:\/\/www.crealp.fr\/conception-internet\/wp-json\/wp\/v2\/pages\/120"}],"collection":[{"href":"https:\/\/www.crealp.fr\/conception-internet\/wp-json\/wp\/v2\/pages"}],"about":[{"href":"https:\/\/www.crealp.fr\/conception-internet\/wp-json\/wp\/v2\/types\/page"}],"author":[{"embeddable":true,"href":"https:\/\/www.crealp.fr\/conception-internet\/wp-json\/wp\/v2\/users\/1"}],"replies":[{"embeddable":true,"href":"https:\/\/www.crealp.fr\/conception-internet\/wp-json\/wp\/v2\/comments?post=120"}],"version-history":[{"count":21,"href":"https:\/\/www.crealp.fr\/conception-internet\/wp-json\/wp\/v2\/pages\/120\/revisions"}],"predecessor-version":[{"id":564654,"href":"https:\/\/www.crealp.fr\/conception-internet\/wp-json\/wp\/v2\/pages\/120\/revisions\/564654"}],"wp:attachment":[{"href":"https:\/\/www.crealp.fr\/conception-internet\/wp-json\/wp\/v2\/media?parent=120"}],"curies":[{"name":"wp","href":"https:\/\/api.w.org\/{rel}","templated":true}]}}