{"id":112,"date":"2013-09-19T09:22:18","date_gmt":"2013-09-19T08:22:18","guid":{"rendered":"http:\/\/www.crealp.fr\/conception-internet\/?page_id=112"},"modified":"2016-03-30T10:47:35","modified_gmt":"2016-03-30T09:47:35","slug":"mentions-legales","status":"publish","type":"page","link":"https:\/\/www.crealp.fr\/conception-internet\/mentions-legales\/","title":{"rendered":"Mentions l\u00e9gales"},"content":{"rendered":"<p>Le site que vous consultez actuellement est la propri\u00e9t\u00e9 de :<br \/>\n<strong>SARL Cr\u00e9alp &#8211; Agence web et communication \u00e0 Aime La Plagne en Tarentaise (Savoie)<\/strong><\/p>\n<p><strong>1- H\u00e9bergement du Site<\/strong><\/p>\n<p style=\"padding-left: 30px;\">Ce site est h\u00e9berg\u00e9 par :<br \/>\n1&amp;1 Internet SARL<br \/>\n7, place de la Gare<br \/>\nBP 70109<br \/>\n57201 Sarreguemines Cedex<br \/>\nTel : 0825 080 020<\/p>\n<p><strong>2- Cr\u00e9ation &#8211; D\u00e9veolppement du Site<\/strong><\/p>\n<p style=\"padding-left: 30px;\">Conception &#8211; r\u00e9alisation et d\u00e9veloppement : <a title=\"Crealp - Agence web et communication en Savoie\" href=\"http:\/\/www.crealp.fr\/conception-internet\/\">Agence Cr\u00e9alp<\/a><\/p>\n<p><strong>3- Informatique et Libert\u00e9s (CNIL)<\/strong><\/p>\n<p style=\"padding-left: 30px;\">Conform\u00e9ment \u00e0 la loi informatique et libert\u00e9s du 6 janvier 1978, nous vous informons que vous disposez d\u2019un droit d\u2019acc\u00e8s, de modification, de rectification et de suppression de vos donn\u00e9es.<br \/>\nLes informations recueillies aupr\u00e8s des personnes par le biais du formulaire de contact ne sauraient \u00eatre divulgu\u00e9es \u00e0 des personnes autres que celles composant notre groupe. Toutefois, tel que l\u2019exige la loi informatique et libert\u00e9s nous vous informons que vos r\u00e9ponses sont facultatives et que le d\u00e9faut de r\u00e9ponse n\u2019entra\u00eenera aucune cons\u00e9quence particuli\u00e8re. N\u00e9anmoins, vos r\u00e9ponses doivent \u00eatre suffisantes pour nous permettre de traiter l\u2019information.<\/p>\n<p><strong>3.1- Cookies<\/strong><\/p>\n<p style=\"padding-left: 30px;\">Nous souhaitons implanter un cookie dans votre ordinateur. Un cookie ne nous permet pas de vous identifier. De mani\u00e8re g\u00e9n\u00e9rale, il enregistre des informations relatives \u00e0 la navigation de votre ordinateur sur notre site (les pages que vous avez consult\u00e9es, la date et l&rsquo;heure de la consultation, etc.) que nous pourrons lire lors de vos visites ult\u00e9rieures. En l&rsquo;esp\u00e8ce, il contient les informations que vous venez de nous fournir. Ainsi, vous n&rsquo;aurez pas besoin, lors de votre prochaine visite, de remplir \u00e0 nouveau le formulaire que nous vous avons propos\u00e9.<br \/>\nNous vous informons que vous pouvez vous opposer \u00e0 l&rsquo;enregistrement de \u00ab\u00a0cookies\u00a0\u00bb en configurant votre navigateur de la mani\u00e8re suivante :<\/p>\n<p style=\"padding-left: 30px;\">&#8211; Pour Mozilla Firefox :<br \/>\nChoisissez le menu \u00ab\u00a0outil \u00a0\u00bb puis \u00ab\u00a0Options\u00a0\u00bb<br \/>\nCliquez sur l&rsquo;ic\u00f4ne \u00ab\u00a0vie priv\u00e9e\u00a0\u00bb<br \/>\nRep\u00e9rez le menu \u00ab\u00a0cookie\u00a0\u00bb et s\u00e9lectionnez les options qui vous conviennent<\/p>\n<p style=\"padding-left: 30px;\">&#8211; Pour Microsoft Internet Explorer 6.0 :<br \/>\nchoisissez le menu \u00ab\u00a0Outils\u00a0\u00bb (ou \u00ab\u00a0Tools\u00a0\u00bb), puis \u00ab\u00a0Options Internet\u00a0\u00bb (ou \u00ab\u00a0Internet Options\u00a0\u00bb).<br \/>\ncliquez sur l&rsquo;onglet \u00ab\u00a0Confidentialit\u00e9\u00a0\u00bb (ou \u00ab\u00a0Confidentiality\u00a0\u00bb)<br \/>\ns\u00e9lectionnez le niveau souhait\u00e9 \u00e0 l&rsquo;aide du curseur.<\/p>\n<p style=\"padding-left: 30px;\">&#8211; Pour Microsoft Internet Explorer 5 :<br \/>\nchoisissez le menu \u00ab\u00a0Outils\u00a0\u00bb (ou \u00ab\u00a0Tools\u00a0\u00bb), puis \u00ab\u00a0Options Internet\u00a0\u00bb (ou \u00ab\u00a0Internet Options\u00a0\u00bb).<br \/>\ncliquez sur l&rsquo;onglet \u00ab\u00a0Confidentialit\u00e9\u00a0\u00bb<br \/>\nPersonnaliser le niveau\u00a0\u00bb \u00e0 l&rsquo;aide du curseur<\/p>\n<p style=\"padding-left: 30px;\">&#8211; Pour Netscape 6.X et 7. X<br \/>\nchoisissez le menu \u00ab\u00a0Edition\u00a0\u00bb&gt;\u00a0\u00bbPr\u00e9f\u00e9rences\u00a0\u00bb<br \/>\nConfidentialit\u00e9 et S\u00e9curit\u00e9<\/p>\n<p style=\"padding-left: 30px;\">&#8211; Pour Op\u00e9ra 6.0 et au-del\u00e0 :<br \/>\nchoisissez le menu \u00ab\u00a0Fichier\u00a0\u00bb&gt;\u00a0\u00bbPr\u00e9f\u00e9rences\u00a0\u00bb<br \/>\nVie Priv\u00e9e<\/p>\n<p><strong>4- Droit d\u2019auteur \/ Copyright<\/strong><\/p>\n<p style=\"padding-left: 30px;\">L\u2019acc\u00e8s au site <a title=\"Crealp\" href=\"http:\/\/www.crealp.fr\">www.crealp.fr<\/a> vous conf\u00e8re un droit d\u2019usage priv\u00e9 et non exclusif de ce site.<br \/>\nL\u2019ensemble des informations pr\u00e9sentes sur ce site peuvent \u00eatre t\u00e9l\u00e9charg\u00e9es, reproduites, imprim\u00e9es sous r\u00e9serve de :<br \/>\n* n\u2019utiliser de telles informations qu\u2019\u00e0 des fins personnelles et non \u00e0 des fins commerciales ;<br \/>\n* ne pas modifier de telles informations ;<br \/>\n* reproduire sur toutes copies la mention des droits d\u2019auteur ;<br \/>\nToute autre utilisation non express\u00e9ment autoris\u00e9e est strictement interdite sans autorisation pr\u00e9alable ;<br \/>\nL\u2019utilisation frauduleuse de la marque ou de tout autre contenu du site internet est totalement interdite.<\/p>\n<p><strong>5- Responsabilit\u00e9<\/strong><\/p>\n<p style=\"padding-left: 30px;\">Les informations publi\u00e9es sur ce site sont donn\u00e9es de bonne foi, mais sans garantie d\u2019aucune sorte, et sont fonction des informations que nous obtenons de nos sources habituelles, apr\u00e8s validation.<br \/>\nNous nous effor\u00e7ons de v\u00e9rifier dans toute la mesure du possible, le bien-fond\u00e9 des informations port\u00e9es \u00e0 la connaissance du public<br \/>\nToutefois, nous ne pouvons \u00eatre tenus pour responsable de l\u2019exactitude, des erreurs et des omissions \u00e9ventuelles contenues sur ce site, , et n\u2019assumons aucune responsabilit\u00e9 relative \u00e0 l\u2019utilisation de ces informations par les lecteurs. L\u2019utilisateur est seul responsable de l\u2019utilisation qu\u2019il en fait.<br \/>\nNous nous r\u00e9servons le droit de modifier \u00e0 tout moment les pr\u00e9sentes informations notamment en actualisant ce site.<br \/>\nL\u2019utilisateur s\u2019engage \u00e0 ne transmettre sur ce site aucune information pouvant entra\u00eener une responsabilit\u00e9 civile ou p\u00e9nale et s\u2019engage \u00e0 ce titre \u00e0 ne pas divulguer via ce site des informations ill\u00e9gales, contraires \u00e0 l\u2019ordre public ou diffamatoires.<\/p>\n<p><strong>6- Lien vers d\u2019autres sites<\/strong><\/p>\n<p style=\"padding-left: 30px;\">Des liens vers d\u2019autres sites peuvent vous faire sortir du site <a title=\"Crealp\" href=\"http:\/\/www.crealp.fr\">www.crealp.fr<\/a>.<br \/>\nNous n\u2019acceptons aucune responsabilit\u00e9 pour la forme, le contenu, la v\u00e9racit\u00e9 des informations et la fonction de ces sites. Ces liens sont \u00e9tablis de bonne foi et nous ne pouvons \u00eatre tenus pour responsables du contenu de ces sites.<\/p>\n<p><strong>7- Indisponibilit\u00e9 du site <a title=\"Crealp\" href=\"http:\/\/www.crealp.fr\">www.crealp.fr<\/a><\/strong><\/p>\n<p style=\"padding-left: 30px;\">Nous nous engageons \u00e0 faire nos meilleurs efforts pour assurer aux utilisateurs une accessibilit\u00e9 du site \u00e0 tout moment. Nous ne pourrons \u00eatre tenus responsables, en cas d\u2019indisponibilit\u00e9 du site, pour quelque cause que ce soit.<\/p>\n<p><strong>8 \u2013 Contact<\/strong><\/p>\n<p style=\"padding-left: 30px;\">Pour nous contacter, vous pouvez utiliser <a title=\"Contacter l'Agence Crealp\" href=\"http:\/\/www.crealp.fr\/conception-internet\/contact-agence-web-communication-savoie\/\">notre formulaire de contact en cliquant &#8211; ici &#8211;<\/a><\/p>\n","protected":false},"excerpt":{"rendered":"<p>Le site que vous consultez actuellement est la propri\u00e9t\u00e9 de : SARL Cr\u00e9alp &#8211; Agence web et communication \u00e0 Aime La Plagne en Tarentaise (Savoie) 1- H\u00e9bergement du Site Ce site est h\u00e9berg\u00e9 par : 1&amp;1 Internet SARL 7, place de la Gare BP 70109 57201 Sarreguemines Cedex Tel : 0825 080 020 2- Cr\u00e9ation [&hellip;]<\/p>\n","protected":false},"author":1,"featured_media":0,"parent":0,"menu_order":1000,"comment_status":"closed","ping_status":"closed","template":"","meta":{"footnotes":""},"acf":[],"_links":{"self":[{"href":"https:\/\/www.crealp.fr\/conception-internet\/wp-json\/wp\/v2\/pages\/112"}],"collection":[{"href":"https:\/\/www.crealp.fr\/conception-internet\/wp-json\/wp\/v2\/pages"}],"about":[{"href":"https:\/\/www.crealp.fr\/conception-internet\/wp-json\/wp\/v2\/types\/page"}],"author":[{"embeddable":true,"href":"https:\/\/www.crealp.fr\/conception-internet\/wp-json\/wp\/v2\/users\/1"}],"replies":[{"embeddable":true,"href":"https:\/\/www.crealp.fr\/conception-internet\/wp-json\/wp\/v2\/comments?post=112"}],"version-history":[{"count":4,"href":"https:\/\/www.crealp.fr\/conception-internet\/wp-json\/wp\/v2\/pages\/112\/revisions"}],"predecessor-version":[{"id":564652,"href":"https:\/\/www.crealp.fr\/conception-internet\/wp-json\/wp\/v2\/pages\/112\/revisions\/564652"}],"wp:attachment":[{"href":"https:\/\/www.crealp.fr\/conception-internet\/wp-json\/wp\/v2\/media?parent=112"}],"curies":[{"name":"wp","href":"https:\/\/api.w.org\/{rel}","templated":true}]}}