{"id":106,"date":"2013-09-19T09:19:51","date_gmt":"2013-09-19T08:19:51","guid":{"rendered":"http:\/\/www.crealp.fr\/conception-internet\/?page_id=106"},"modified":"2014-03-07T16:07:59","modified_gmt":"2014-03-07T15:07:59","slug":"logo-graphisme-savoie","status":"publish","type":"page","link":"https:\/\/www.crealp.fr\/conception-internet\/logo-graphisme-savoie\/","title":{"rendered":"Logo \/ Graphisme"},"content":{"rendered":"<p><span class=\"couleur-bleu\">\u2022<\/span> Mettre en forme <span class=\"couleur-bleu\">votre LOGO<br \/>\npour doper votre communication.<\/span><\/p>\n<p><span class=\"couleur-bleu\">\u2022<\/span> Les traits de nos <span class=\"couleur-bleu\">cr\u00e9ations s&rsquo;adaptent<br \/>\n\u00e0 vos besoins et \u00e0 votre image.<\/span><\/p>\n<p><span class=\"couleur-bleu\">\u2022<\/span> Le GRAPHISME va jouer pleinement son<br \/>\nr\u00f4le identitaire et <span class=\"couleur-bleu\">augmenter l\u2019impact et la<br \/>\npertinence de votre communication.<\/span><\/p>\n<p><span class=\"couleur-bleu\">\u2022<\/span> Le d\u00e9veloppement de <span class=\"couleur-bleu\">votre GRAPHISME est UNIQUE<\/span><br \/>\nest celui-ci sera adapt\u00e9 \u00e0 votre activit\u00e9 et \u00e0 votre personnalit\u00e9.<\/p>\n<p><span class=\"couleur-bleu\">\u2022<\/span> La <span class=\"couleur-bleu\">d\u00e9clinaison de votre graphisme<\/span> permettra<br \/>\nde soigner et de booster <span class=\"couleur-bleu\">votre image sur tous<br \/>\nvos supports en conservant une coh\u00e9rence graphique<\/span>.<\/p>\n<p><span class=\"couleur-bleu\">\u2022<\/span> La <span class=\"couleur-bleu\">charte graphique<\/span> facilite l&rsquo;identification de l&rsquo;\u00e9metteur et consolide<br \/>\nl\u2019image de la marque.<\/p>\n<p style=\"text-align: center;\"><span class=\"couleur-bleu\">L&rsquo;Agence Cr\u00e9alp vous propose ses services de cr\u00e9ation sur tous supports :<\/span><\/p>\n<p style=\"text-align: center;\">L&rsquo;illustration, l&rsquo;affiche, la communication d&rsquo;entreprise, l&rsquo;\u00e9dition, le packaging<br \/>\nla publicit\u00e9, le <a title=\"Site internet\" href=\"http:\/\/www.crealp.fr\/conception-internet\/creation-de-site-en-savoie\/\">web-design<\/a>, la <a title=\"Print \/ Signal\u00e9tique\" href=\"http:\/\/www.crealp.fr\/conception-internet\/print-signaletique-savoie\/\">signal\u00e9tique<\/a>, &#8230;<\/p>\n","protected":false},"excerpt":{"rendered":"<p>\u2022 Mettre en forme votre LOGO pour doper votre communication. \u2022 Les traits de nos cr\u00e9ations s&rsquo;adaptent \u00e0 vos besoins et \u00e0 votre image. \u2022 Le GRAPHISME va jouer pleinement son r\u00f4le identitaire et augmenter l\u2019impact et la pertinence de votre communication. \u2022 Le d\u00e9veloppement de votre GRAPHISME est UNIQUE est celui-ci sera adapt\u00e9 \u00e0 [&hellip;]<\/p>\n","protected":false},"author":1,"featured_media":384,"parent":0,"menu_order":20,"comment_status":"closed","ping_status":"closed","template":"","meta":{"footnotes":""},"acf":[],"_links":{"self":[{"href":"https:\/\/www.crealp.fr\/conception-internet\/wp-json\/wp\/v2\/pages\/106"}],"collection":[{"href":"https:\/\/www.crealp.fr\/conception-internet\/wp-json\/wp\/v2\/pages"}],"about":[{"href":"https:\/\/www.crealp.fr\/conception-internet\/wp-json\/wp\/v2\/types\/page"}],"author":[{"embeddable":true,"href":"https:\/\/www.crealp.fr\/conception-internet\/wp-json\/wp\/v2\/users\/1"}],"replies":[{"embeddable":true,"href":"https:\/\/www.crealp.fr\/conception-internet\/wp-json\/wp\/v2\/comments?post=106"}],"version-history":[{"count":14,"href":"https:\/\/www.crealp.fr\/conception-internet\/wp-json\/wp\/v2\/pages\/106\/revisions"}],"predecessor-version":[{"id":564161,"href":"https:\/\/www.crealp.fr\/conception-internet\/wp-json\/wp\/v2\/pages\/106\/revisions\/564161"}],"wp:featuredmedia":[{"embeddable":true,"href":"https:\/\/www.crealp.fr\/conception-internet\/wp-json\/wp\/v2\/media\/384"}],"wp:attachment":[{"href":"https:\/\/www.crealp.fr\/conception-internet\/wp-json\/wp\/v2\/media?parent=106"}],"curies":[{"name":"wp","href":"https:\/\/api.w.org\/{rel}","templated":true}]}}