{"id":104,"date":"2013-09-19T09:18:06","date_gmt":"2013-09-19T08:18:06","guid":{"rendered":"http:\/\/www.crealp.fr\/conception-internet\/?page_id=104"},"modified":"2016-10-26T13:31:18","modified_gmt":"2016-10-26T12:31:18","slug":"creation-de-site-en-savoie","status":"publish","type":"page","link":"https:\/\/www.crealp.fr\/conception-internet\/creation-de-site-en-savoie\/","title":{"rendered":"Site internet"},"content":{"rendered":"<h3>La <a title=\"Cr\u00e9ation de site\" href=\"http:\/\/www.crealp.fr\/conception-internet\/creation-de-site-en-savoie\/\">cr\u00e9ation d&rsquo;un site internet<\/a> de qualit\u00e9 tant sur le plan du design que du contenu est un atout suppl\u00e9mentaire ind\u00e9niable pour vous faire connaitre ou d\u00e9velopper votre activit\u00e9 ou vos produits.<br \/>\nToute soci\u00e9t\u00e9 se doit dor\u00e9navant d\u2019avoir un site web qui fera office de \u00ab\u00a0carte de visite \u00e9lectronique\u00a0\u00bb.<\/h3>\n<p><strong>Pour cela, <a title=\"Cr\u00e9alp - Agence web et communication en Savoie\" href=\"http:\/\/www.crealp.fr\/conception-internet\/\">l&rsquo;agence Cr\u00e9alp<\/a> (\u00e0 Aime et Macot La Plagne en Savoie) vous proposera selon vos besoins :<\/strong><\/p>\n<p style=\"padding-left: 30px;\">&#8211; Conception d&rsquo;un <strong>site internet vitrine<\/strong><br \/>\n&#8211; R\u00e9alisation d&rsquo;un <strong>site internet administrable<\/strong> <em>(cr\u00e9ez et g\u00e9rez vous m\u00eame votre contenu)<\/em><br \/>\n&#8211; <strong>Refonte de votre site<\/strong> existant <em>(afin de le remettre au go\u00fbt du jour visuellement et techniquement)<\/em><br \/>\n&#8211; D\u00e9veloppement d&rsquo;un <strong>site web e-commerce<\/strong><br \/>\n&#8211; <strong>Maintenance<\/strong> de votre site <em>(modification des tarifs, du contenus, du <a title=\"Conception graphique\" href=\"http:\/\/www.crealp.fr\/conception-internet\/conception-graphique\/\">graphisme<\/a> &#8230;)<\/em>, parce qu&rsquo;un site qui n&rsquo;est pas \u00e0 jour ne donne pas l&rsquo;image escompt\u00e9e pour votre entreprise !<br \/>\n&#8211; &#8230;<\/p>\n<p>Nous vous guiderons aussi dans le choix de votre nom de domaine, de vos adresses mails et nous nous occuperons de g\u00e9rer pour vous l&rsquo;h\u00e9bergement de votre site.<\/p>\n<p>Nous saurons vous conseiller en langage clair afin de choisir la solution la mieux adapt\u00e9e, car nos objectifs sont avant tout votre satisfaction et celle de vos clients !<\/p>\n<p><a title=\"Contact\" href=\"http:\/\/www.crealp.fr\/conception-internet\/contact-agence-web-communication-savoie\/\"><strong>Contactez-nous<\/strong><\/a>, nous \u00e9tudierons ensemble votre projet.<\/p>\n<div class=\"separateur\"><\/div>\n<div id=\"site-design-pro-bloc\"><a id=\"design-personnalise\"><\/a><img loading=\"lazy\" decoding=\"async\" class=\"alignnone size-full wp-image-564441\" src=\"http:\/\/www.crealp.fr\/conception-internet\/wp-content\/uploads\/2016\/01\/site-pro-design.jpg\" alt=\"site-pro-design\" width=\"270\" height=\"208\" \/><\/p>\n<div id=\"site-design-pro-txt\">Le graphisme de votre site internet est enti\u00e8rement personnalis\u00e9 et d\u00e9velopp\u00e9 \u00e0 l&rsquo;image de votre activit\u00e9.<br \/>\nCyril, notre graphiste, saura cr\u00e9er un design qui vous corresponde et vous conseiller pour coller aux tendances actuelles du web.<\/div>\n<\/div>\n<div id=\"site-sans-engagement-bloc\"><a id=\"sans-engagement\"><\/a><img loading=\"lazy\" decoding=\"async\" class=\"alignnone size-full wp-image-564441\" src=\"http:\/\/www.crealp.fr\/conception-internet\/wp-content\/uploads\/2016\/01\/site-sans-engagement.jpg\" alt=\"site-sans-engagement\" width=\"270\" height=\"208\" \/><\/p>\n<div id=\"site-sans-engagement-txt\">Chez Cr\u00e9alp, votre site web vous appartient, il n&rsquo;y a pas de mauvaise surprise ou d&rsquo;engagements \u00e0 longs termes.<br \/>\nUne fois le site internet r\u00e9gl\u00e9, seuls le nom de domaine et l&rsquo;h\u00e9bergement (enregistr\u00e9s \u00e0 votre nom) feront l&rsquo;objet d&rsquo;une redevance annuelle comme il est d&rsquo;usage.<\/div>\n<\/div>\n<div id=\"site-go-mobile-bloc\"><a id=\"tous-supports\"><\/a><img loading=\"lazy\" decoding=\"async\" class=\"alignnone size-full wp-image-564441\" src=\"http:\/\/www.crealp.fr\/conception-internet\/wp-content\/uploads\/2016\/01\/site-go-mobile.jpg\" alt=\"site-go-mobile\" width=\"270\" height=\"208\" \/><\/p>\n<div id=\"site-go-mobile-txt\">Parce qu&rsquo;aujourd&rsquo;hui il est important de d\u00e9finir une strat\u00e9gie de communication globale sur tous types de supports, Cr\u00e9alp propose des sites au rendu identique sur votre ordinateur de bureau, sur votre tablette ou encore sur votre smartphone.<br \/>\nEt pour aller encore plus loin, il est aussi possible de passer au \u00ab\u00a0Responsive Design\u00a0\u00bb et de d\u00e9velopper un site avec un design repens\u00e9 plus l\u00e9ger \u00e0 charger sur vos supports mobiles.<\/div>\n<\/div>\n<div id=\"site-e-commerce-bloc\"><a id=\"e-commerce\"><\/a><img loading=\"lazy\" decoding=\"async\" class=\"alignnone size-full wp-image-564441\" src=\"http:\/\/www.crealp.fr\/conception-internet\/wp-content\/uploads\/2016\/01\/site-e-commerce.jpg\" alt=\"site-e-commerce\" width=\"270\" height=\"208\" \/><\/p>\n<div id=\"site-e-commerce-txt\">Vous avez d\u00e9j\u00e0 un magasin de vente de produits et souhaitez \u00e9tendre votre activit\u00e9 sur internet ou souhaitez lancer un magasin pour vendre uniquement en ligne ?<br \/>\nL&rsquo;Agence Cr\u00e9alp bas\u00e9e en Savoie vous propose de d\u00e9velopper un site internet e-commerce adapt\u00e9 \u00e0 vos besoins. Vente en ligne de produits, gestion des stocks et des exp\u00e9ditions, facturation, payement via CB, PayPal ou autre ; tout est compris.<\/div>\n<\/div>\n<div id=\"site-referencement-bloc\"><a id=\"referencement\"><\/a><img loading=\"lazy\" decoding=\"async\" class=\"alignnone size-full wp-image-564441\" src=\"http:\/\/www.crealp.fr\/conception-internet\/wp-content\/uploads\/2016\/01\/site-referencement.jpg\" alt=\"site-referencement\" width=\"270\" height=\"208\" \/><\/p>\n<div id=\"site-referencement-txt\">Parce qu&rsquo;un site internet qui n&rsquo;est pas visible ne remplira jamais les objectifs fix\u00e9s, Cr\u00e9alp optimise votre site pour les moteurs de recherche (Google, Bing, Yahoo, &#8230;).<br \/>\nEt si vous souhaitez une visibilit\u00e9 accrue, nous vous proposons \u00e9galement des prestations de r\u00e9f\u00e9rencement plus pouss\u00e9es sur 6 mois ou 1 an en fonction d&rsquo;expressions cl\u00e9s que vous aurez choisi.<\/div>\n<\/div>\n<div id=\"site-technologie-bloc\"><a id=\"technologies\"><\/a><img loading=\"lazy\" decoding=\"async\" class=\"alignnone size-full wp-image-564441\" src=\"http:\/\/www.crealp.fr\/conception-internet\/wp-content\/uploads\/2016\/01\/site-technologie.jpg\" alt=\"site-technologie\" width=\"270\" height=\"208\" \/><\/p>\n<div id=\"site-technologie-txt\">Tout \u00e9volue tr\u00e8s vite dans le monde du web.<br \/>\nL&rsquo;Agence Cr\u00e9alp se base sur les derni\u00e8res technologies pour la cr\u00e9ation de votre site internet : HTML5, CSS3, jQuery tout en s&rsquo;appuyant sur des plateformes CMS mondialement connues telles que WordPress, Joomla, Prestashop, &#8230;<\/div>\n<\/div>\n<div id=\"site-prix-bloc\"><a id=\"premier-prix\"><\/a><img loading=\"lazy\" decoding=\"async\" class=\"alignnone size-full wp-image-564441\" src=\"http:\/\/www.crealp.fr\/conception-internet\/wp-content\/uploads\/2016\/01\/site-prix.jpg\" alt=\"site-prix\" width=\"270\" height=\"208\" \/><\/p>\n<div id=\"site-prix-txt\">Pour permettre \u00e0 tout un chacun d&rsquo;\u00eatre pr\u00e9sent sur le internet, Cr\u00e9alp propose des \u00ab\u00a0Packs Pr\u00e9sence Web\u00a0\u00bb \u00e0 partir de 560\u20ac HT.<br \/>\nCette page personnalis\u00e9e avec un formulaire de contact permettra \u00e0 vos clients de trouver vos coordonn\u00e9es et de vous contacter facilement.<\/div>\n<\/div>\n<div id=\"site-delais-bloc\"><a id=\"respect-delais\"><\/a><img loading=\"lazy\" decoding=\"async\" class=\"alignnone size-full wp-image-564441\" src=\"http:\/\/www.crealp.fr\/conception-internet\/wp-content\/uploads\/2016\/01\/site-delais.jpg\" alt=\"site-delais\" width=\"270\" height=\"208\" \/><\/p>\n<div id=\"site-delais-txt\">Afin de faire gagner du temps et de l&rsquo;\u00e9nergie \u00e0 tout le monde, l&rsquo;Agence Cr\u00e9alp s&rsquo;engage \u00e0 respecter les d\u00e9lais de livraison de ses sites internet.<br \/>\nCes d\u00e9lais seront d\u00e9finis \u00e0 l&rsquo;avance en concertation avec le client en fonction de ses besoins.<\/div>\n<\/div>\n<div id=\"site-tva-bloc\"><a id=\"remise-tva\"><\/a><img loading=\"lazy\" decoding=\"async\" class=\"alignnone size-full wp-image-564441\" src=\"http:\/\/www.crealp.fr\/conception-internet\/wp-content\/uploads\/2016\/01\/site-tva.jpg\" alt=\"site-tva\" width=\"270\" height=\"208\" \/><\/p>\n<div id=\"site-tva-txt\">Vous \u00eates une association, une institution ou une entreprise ne r\u00e9cup\u00e9rant pas la TVA ?<br \/>\nL&rsquo;Agence Cr\u00e9alp travaille en collaboration avec Webconcept, micro-entreprise non assujettie \u00e0 TVA, qui sera \u00e0 m\u00eame de vous faire \u00e9conomiser 20% sur votre devis web&#8230; alors <a title=\"Contacter l'Agence Crealp en Savoie\" href=\"http:\/\/www.crealp.fr\/conception-internet\/contact-agence-web-communication-savoie\/\">contactez-nous<\/a> !<\/div>\n<\/div>\n","protected":false},"excerpt":{"rendered":"<p>La cr\u00e9ation d&rsquo;un site internet de qualit\u00e9 tant sur le plan du design que du contenu est un atout suppl\u00e9mentaire ind\u00e9niable pour vous faire connaitre ou d\u00e9velopper votre activit\u00e9 ou vos produits. Toute soci\u00e9t\u00e9 se doit dor\u00e9navant d\u2019avoir un site web qui fera office de \u00ab\u00a0carte de visite \u00e9lectronique\u00a0\u00bb. Pour cela, l&rsquo;agence Cr\u00e9alp (\u00e0 Aime [&hellip;]<\/p>\n","protected":false},"author":1,"featured_media":212,"parent":0,"menu_order":10,"comment_status":"closed","ping_status":"closed","template":"","meta":{"footnotes":""},"acf":[],"_links":{"self":[{"href":"https:\/\/www.crealp.fr\/conception-internet\/wp-json\/wp\/v2\/pages\/104"}],"collection":[{"href":"https:\/\/www.crealp.fr\/conception-internet\/wp-json\/wp\/v2\/pages"}],"about":[{"href":"https:\/\/www.crealp.fr\/conception-internet\/wp-json\/wp\/v2\/types\/page"}],"author":[{"embeddable":true,"href":"https:\/\/www.crealp.fr\/conception-internet\/wp-json\/wp\/v2\/users\/1"}],"replies":[{"embeddable":true,"href":"https:\/\/www.crealp.fr\/conception-internet\/wp-json\/wp\/v2\/comments?post=104"}],"version-history":[{"count":42,"href":"https:\/\/www.crealp.fr\/conception-internet\/wp-json\/wp\/v2\/pages\/104\/revisions"}],"predecessor-version":[{"id":564792,"href":"https:\/\/www.crealp.fr\/conception-internet\/wp-json\/wp\/v2\/pages\/104\/revisions\/564792"}],"wp:featuredmedia":[{"embeddable":true,"href":"https:\/\/www.crealp.fr\/conception-internet\/wp-json\/wp\/v2\/media\/212"}],"wp:attachment":[{"href":"https:\/\/www.crealp.fr\/conception-internet\/wp-json\/wp\/v2\/media?parent=104"}],"curies":[{"name":"wp","href":"https:\/\/api.w.org\/{rel}","templated":true}]}}